{"id":1027,"date":"2018-04-18T11:46:07","date_gmt":"2018-04-18T09:46:07","guid":{"rendered":"https:\/\/wp0005.kundenserver-dp.de\/?page_id=1027"},"modified":"2021-02-09T14:02:16","modified_gmt":"2021-02-09T13:02:16","slug":"datenschutz","status":"publish","type":"page","link":"https:\/\/www.simanski.de\/index.php\/datenschutz\/","title":{"rendered":"Datenschutz"},"content":{"rendered":"<div class=\"fusion-fullwidth fullwidth-box fusion-builder-row-1 fusion-flex-container fusion-parallax-none nonhundred-percent-fullwidth non-hundred-percent-height-scrolling\" style=\"--awb-border-radius-top-left:0px;--awb-border-radius-top-right:0px;--awb-border-radius-bottom-right:0px;--awb-border-radius-bottom-left:0px;--awb-min-height:500px;--awb-background-image:url(&quot;\/wp-content\/uploads\/2020\/10\/Bad_Thomas_gross-16-1-scaled.jpg&quot;);--awb-background-size:cover;--awb-flex-wrap:wrap;\" id=\"sanitaer\" ><div class=\"fusion-builder-row fusion-row fusion-flex-align-items-center fusion-flex-content-wrap\" style=\"max-width:1216.8px;margin-left: calc(-4% \/ 2 );margin-right: calc(-4% \/ 2 );\"><div class=\"fusion-layout-column fusion_builder_column fusion-builder-column-0 fusion_builder_column_1_1 1_1 fusion-flex-column\" style=\"--awb-bg-size:cover;--awb-width-large:100%;--awb-margin-top-large:15px;--awb-spacing-right-large:1.92%;--awb-margin-bottom-large:15px;--awb-spacing-left-large:1.92%;--awb-width-medium:100%;--awb-order-medium:0;--awb-spacing-right-medium:1.92%;--awb-spacing-left-medium:1.92%;--awb-width-small:100%;--awb-order-small:0;--awb-spacing-right-small:1.92%;--awb-spacing-left-small:1.92%;\"><div class=\"fusion-column-wrapper fusion-column-has-shadow fusion-flex-justify-content-flex-start fusion-content-layout-column\"><div class=\"fusion-title title fusion-title-1 fusion-sep-none fusion-title-text fusion-title-size-three fusion-animated\" style=\"--awb-text-color:#89919f;--awb-margin-top:0px;--awb-margin-bottom:0px;--awb-margin-top-small:0px;--awb-margin-right-small:0px;--awb-margin-bottom-small:20px;--awb-margin-left-small:0px;--awb-font-size:28px;\" data-animationType=\"fadeInLeft\" data-animationDuration=\"0.7\" data-animationOffset=\"top-into-view\"><h3 class=\"fusion-title-heading title-heading-left fusion-responsive-typography-calculated\" style=\"margin:0;font-size:1em;--fontSize:28;--minFontSize:28;line-height:1.25;\"><h1><strong>Datenschutz<\/strong><\/h1><\/h3><\/div><div class=\"fusion-title title fusion-title-2 fusion-sep-none fusion-title-text fusion-title-size-three fusion-animated\" style=\"--awb-text-color:#89919f;--awb-margin-top:0px;--awb-margin-bottom:0px;--awb-margin-top-small:0px;--awb-margin-right-small:0px;--awb-margin-bottom-small:20px;--awb-margin-left-small:0px;--awb-font-size:28px;\" data-animationType=\"fadeInUp\" data-animationDuration=\"1.5\" data-animationOffset=\"top-into-view\"><h3 class=\"fusion-title-heading title-heading-left fusion-responsive-typography-calculated\" style=\"margin:0;font-size:1em;--fontSize:28;--minFontSize:28;line-height:1.25;\"><div id=\"#datenschutz\" class=\"fusion-title title fusion-title-1 sep-underline sep-solid fusion-title-text fusion-title-size-one fusion-border-below-title\">\n<h3 class=\"fusion-responsive-typography-calculated\" style=\"padding-left: 80px;\" data-fontsize=\"50\" data-lineheight=\"58px\">Datenschutzerkl\u00e4rung<\/h3>\n<\/div><\/h3><\/div><\/div><\/div><\/div><\/div><div class=\"fusion-fullwidth fullwidth-box fusion-builder-row-2 fusion-flex-container nonhundred-percent-fullwidth non-hundred-percent-height-scrolling\" style=\"--awb-border-radius-top-left:0px;--awb-border-radius-top-right:0px;--awb-border-radius-bottom-right:0px;--awb-border-radius-bottom-left:0px;--awb-flex-wrap:wrap;\" id=\"datenschutz\" ><div class=\"fusion-builder-row fusion-row fusion-flex-align-items-flex-start fusion-flex-content-wrap\" style=\"max-width:1216.8px;margin-left: calc(-4% \/ 2 );margin-right: calc(-4% \/ 2 );\"><div class=\"fusion-layout-column fusion_builder_column fusion-builder-column-1 fusion_builder_column_1_1 1_1 fusion-flex-column\" style=\"--awb-bg-size:cover;--awb-width-large:100%;--awb-margin-top-large:30px;--awb-spacing-right-large:1.92%;--awb-margin-bottom-large:0px;--awb-spacing-left-large:1.92%;--awb-width-medium:100%;--awb-order-medium:0;--awb-spacing-right-medium:1.92%;--awb-spacing-left-medium:1.92%;--awb-width-small:100%;--awb-order-small:0;--awb-spacing-right-small:1.92%;--awb-spacing-left-small:1.92%;\"><div class=\"fusion-column-wrapper fusion-column-has-shadow fusion-flex-justify-content-flex-start fusion-content-layout-column\"><div class=\"fusion-text fusion-text-1\"><div>\n<p>Die Simanski Haustechnik GmbH nimmt den Schutz Ihrer pers\u00f6nlichen Daten sehr ernst und h\u00e4lt sich strikt an die Regeln der Datenschutzgesetze. Personenbezogene Daten werden bei dieser Webanwendung nur im notwendigen Umfang erhoben. In keinem Fall werden die erhobenen Daten verkauft oder aus anderen Gr\u00fcnden an Dritte weitergegeben. Die erhobenen Daten werden nur zum angegebenen Zweck weiterverarbeitet.<\/p>\n<p>Die nachfolgende Erkl\u00e4rung gibt Ihnen einen \u00dcberblick dar\u00fcber, wie wir diesen Schutz gew\u00e4hrleisten und welche Art von Daten zu welchem Zweck erhoben werden.<\/p>\n<h3>Automatische Datenerfassung<\/h3>\n<p>Die Nutzung des Dienstleistungsportals ist grunds\u00e4tzlich ohne Bekanntgabe personenbezogener Daten m\u00f6glich. Personenbezogene Daten sind Einzelangaben \u00fcber pers\u00f6nliche oder sachliche Verh\u00e4ltnisse einer bestimmten oder bestimmbaren nat\u00fcrlichen Person, also vor allem Daten, die mit dem Namen verbunden sind oder aus deren Zusammenhang sich hierzu ein Bezug unmittelbar herstellen l\u00e4sst.<\/p>\n<p>Beim Zugriff auf das Portal werden zum Zwecke der Sicherheitskontrolle folgende Daten gespeichert:<\/p>\n<ul>\n<li>eine anonymisierte IP-Adresse des nutzenden Hosts, die keinen R\u00fcckschluss auf die wahre IP-Adresse zul\u00e4sst<\/li>\n<li>Datum und Uhrzeit der Anforderung<\/li>\n<li>Clientsoftware des anfordernden Rechners, d.h. in der Regel Browsertyp und gew\u00fcnschte Zugriffsmethode\/Funktion<\/li>\n<li>\u00fcbermittelte Eingabewerte (z.B.: Suchbegriffe)<\/li>\n<li>Zugriffsstatus des Web-Servers (z.B.: Datei \u00fcbertragen, Datei nicht gefunden, Kommando nicht ausgef\u00fchrt) und der Namen der angeforderten Datei<\/li>\n<\/ul>\n<h3>Cookies<\/h3>\n<p>Die Internetseiten verwenden so genannte Cookies. Sie dienen dazu, unser Angebot nutzerfreundlicher, effektiver und sicherer zu machen. Cookies sind kleine Textdateien, die auf Ihrem Rechner abgelegt werden und die Ihr Browser speichert. Die verwendeten Cookies sind so genannte \u201eSession-Cookies&#8220;. Sie werden nach Ende Ihres Besuchs automatisch gel\u00f6scht. Cookies richten auf Ihrem Rechner keinen Schaden an und enthalten keine Viren.<\/p>\n<h3>Datenverarbeitung<\/h3>\n<p>Die Simanski Haustechnik GmbH erhebt teilweise und speichert automatisch in ihren Server-Log-Files Informationen, die Ihr Browser an uns \u00fcbermittelt. Das Bundesdatenschutzgesetz und die datenschutzrechtlichen Bestimmungen des Landes werden dabei erf\u00fcllt.<\/p>\n<p>Diese Daten sind f\u00fcr die Simanski Haustechnik GmbH nicht bestimmten Personen zuordenbar. Eine Zusammenf\u00fchrung dieser Daten mit anderen Datenquellen wird nicht vorgenommen, die Daten werden zudem nach einer statistischen Auswertung gel\u00f6scht.<\/p>\n<p>Im Weiteren werden nur die Daten erhoben, die zum Zweck des von Ihnen gew\u00fcnschten Service innerhalb der Anwendung ben\u00f6tigt werden.<\/p>\n<p>Die Daten werden mit Hilfe einer gesicherten Verbindung \u00fcbertragen (SSL), so dass sie f\u00fcr Dritte nicht einsehbar sind.<\/p>\n<\/div>\n<div>\n<h3>Auskunftsrecht<\/h3>\n<p>Sie haben jederzeit das Recht auf Auskunft \u00fcber die bez\u00fcglich Ihrer Person gespeicherten Daten, deren Herkunft und Empf\u00e4nger sowie den Zweck der Speicherung. Auskunft \u00fcber die gespeicherten Daten geben das Personal- und Hauptamt, Sachgebiet Datenverarbeitung sowie der<\/p>\n<p>Datenschutzkoordinator der Simanski Haustechnik GmbH.<\/p>\n<h3>Weitere Informationen<\/h3>\n<p>Ihr Vertrauen ist uns wichtig. Daher m\u00f6chten wir Ihnen jederzeit Rede und Antwort bez\u00fcglich der Verarbeitung Ihrer personenbezogenen Daten stehen. Wenn Sie Fragen haben, die Ihnen diese Datenschutzerkl\u00e4rung nicht beantworten konnte oder wenn Sie zu einem Punkt vertiefte Informationen w\u00fcnschen, wenden Sie sich bitte jederzeit an uns.<\/p>\n<p><strong>Simanski Haustechnik GmbH \u00a0\u00a0<\/strong><br \/>\nRei\u00dfiger Stra\u00dfe 78<br \/>\n08525 Plauen<\/p>\n<p>Telefon: 03741 47 27 70<br \/>\nTelefax: 03741 47 27 71<br \/>\nE-Mail:\u00a0\u00a0 <a href=\"mailto:info@simanski.de\">info@simanski.de<\/a><\/p>\n<\/div>\n<\/div><\/div><\/div><\/div><\/div>\n","protected":false},"excerpt":{"rendered":"","protected":false},"author":3,"featured_media":0,"parent":0,"menu_order":90,"comment_status":"closed","ping_status":"closed","template":"100-width.php","meta":{"footnotes":""},"class_list":["post-1027","page","type-page","status-publish","hentry"],"_links":{"self":[{"href":"https:\/\/www.simanski.de\/index.php\/wp-json\/wp\/v2\/pages\/1027","targetHints":{"allow":["GET"]}}],"collection":[{"href":"https:\/\/www.simanski.de\/index.php\/wp-json\/wp\/v2\/pages"}],"about":[{"href":"https:\/\/www.simanski.de\/index.php\/wp-json\/wp\/v2\/types\/page"}],"author":[{"embeddable":true,"href":"https:\/\/www.simanski.de\/index.php\/wp-json\/wp\/v2\/users\/3"}],"replies":[{"embeddable":true,"href":"https:\/\/www.simanski.de\/index.php\/wp-json\/wp\/v2\/comments?post=1027"}],"version-history":[{"count":24,"href":"https:\/\/www.simanski.de\/index.php\/wp-json\/wp\/v2\/pages\/1027\/revisions"}],"predecessor-version":[{"id":3706,"href":"https:\/\/www.simanski.de\/index.php\/wp-json\/wp\/v2\/pages\/1027\/revisions\/3706"}],"wp:attachment":[{"href":"https:\/\/www.simanski.de\/index.php\/wp-json\/wp\/v2\/media?parent=1027"}],"curies":[{"name":"wp","href":"https:\/\/api.w.org\/{rel}","templated":true}]}}