{"id":2205,"date":"2020-10-12T12:19:44","date_gmt":"2020-10-12T10:19:44","guid":{"rendered":"https:\/\/wp0005.kundenserver-dp.de\/?page_id=2205"},"modified":"2023-08-21T11:57:12","modified_gmt":"2023-08-21T09:57:12","slug":"partner","status":"publish","type":"page","link":"https:\/\/www.simanski.de\/index.php\/partner\/","title":{"rendered":"Partner"},"content":{"rendered":"<div class=\"fusion-fullwidth fullwidth-box fusion-builder-row-1 fusion-flex-container fusion-parallax-none nonhundred-percent-fullwidth non-hundred-percent-height-scrolling\" style=\"--awb-border-radius-top-left:0px;--awb-border-radius-top-right:0px;--awb-border-radius-bottom-right:0px;--awb-border-radius-bottom-left:0px;--awb-min-height:500px;--awb-background-image:url(&quot;\/wp-content\/uploads\/2020\/10\/Bad_Thomas_gross-16-1-scaled.jpg&quot;);--awb-background-size:cover;--awb-flex-wrap:wrap;\" id=\"partner\" ><div class=\"fusion-builder-row fusion-row fusion-flex-align-items-center fusion-flex-content-wrap\" style=\"max-width:1216.8px;margin-left: calc(-4% \/ 2 );margin-right: calc(-4% \/ 2 );\"><div class=\"fusion-layout-column fusion_builder_column fusion-builder-column-0 fusion_builder_column_1_1 1_1 fusion-flex-column\" style=\"--awb-bg-size:cover;--awb-width-large:100%;--awb-margin-top-large:15px;--awb-spacing-right-large:1.92%;--awb-margin-bottom-large:15px;--awb-spacing-left-large:1.92%;--awb-width-medium:100%;--awb-order-medium:0;--awb-spacing-right-medium:1.92%;--awb-spacing-left-medium:1.92%;--awb-width-small:100%;--awb-order-small:0;--awb-spacing-right-small:1.92%;--awb-spacing-left-small:1.92%;\"><div class=\"fusion-column-wrapper fusion-column-has-shadow fusion-flex-justify-content-flex-start fusion-content-layout-column\"><div class=\"fusion-title title fusion-title-1 fusion-sep-none fusion-title-text fusion-title-size-three fusion-animated\" style=\"--awb-text-color:#89919f;--awb-margin-top:0px;--awb-margin-bottom:0px;--awb-margin-top-small:0px;--awb-margin-right-small:0px;--awb-margin-bottom-small:20px;--awb-margin-left-small:0px;--awb-font-size:28px;\" data-animationType=\"fadeInDown\" data-animationDuration=\"0.7\" data-animationOffset=\"top-into-view\"><h3 class=\"fusion-title-heading title-heading-left fusion-responsive-typography-calculated\" style=\"margin:0;font-size:1em;--fontSize:28;--minFontSize:28;line-height:1.25;\"><h1><strong>Partner<\/strong><\/h1><\/h3><\/div><div class=\"fusion-title title fusion-title-2 fusion-no-small-visibility fusion-no-medium-visibility fusion-sep-none fusion-title-text fusion-title-size-three fusion-animated\" style=\"--awb-text-color:#89919f;--awb-margin-top:0px;--awb-margin-bottom:0px;--awb-margin-top-small:0px;--awb-margin-right-small:0px;--awb-margin-bottom-small:20px;--awb-margin-left-small:0px;--awb-font-size:28px;\" data-animationType=\"fadeInUp\" data-animationDuration=\"1.5\" data-animationOffset=\"top-into-view\"><h3 class=\"fusion-title-heading title-heading-left fusion-responsive-typography-calculated\" style=\"margin:0;font-size:1em;--fontSize:28;--minFontSize:28;line-height:1.25;\"><h3 style=\"text-align: left; padding-left: 80px;\">Partnerschaft &#8211; Vertrauen und Zuverl\u00e4ssigkeit<\/h3><\/h3><\/div><div class=\"fusion-title title fusion-title-3 fusion-no-large-visibility fusion-sep-none fusion-title-text fusion-title-size-three fusion-animated\" style=\"--awb-text-color:#89919f;--awb-margin-top:0px;--awb-margin-bottom:0px;--awb-margin-top-small:0px;--awb-margin-right-small:0px;--awb-margin-bottom-small:20px;--awb-margin-left-small:0px;--awb-font-size:28px;\" data-animationType=\"fadeInUp\" data-animationDuration=\"1.5\" data-animationOffset=\"top-into-view\"><h3 class=\"fusion-title-heading title-heading-left fusion-responsive-typography-calculated\" style=\"margin:0;font-size:1em;--fontSize:28;--minFontSize:28;line-height:1.25;\"><h3>Partnerschaft &#8211; Vertrauen und Zuverl\u00e4ssigkeit<\/h3><\/h3><\/div><\/div><\/div><\/div><\/div><div class=\"fusion-fullwidth fullwidth-box fusion-builder-row-2 fusion-flex-container nonhundred-percent-fullwidth non-hundred-percent-height-scrolling\" style=\"--awb-border-radius-top-left:0px;--awb-border-radius-top-right:0px;--awb-border-radius-bottom-right:0px;--awb-border-radius-bottom-left:0px;--awb-flex-wrap:wrap;\" ><div class=\"fusion-builder-row fusion-row fusion-flex-align-items-flex-start fusion-flex-content-wrap\" style=\"max-width:1216.8px;margin-left: calc(-4% \/ 2 );margin-right: calc(-4% \/ 2 );\"><div class=\"fusion-layout-column fusion_builder_column fusion-builder-column-1 fusion_builder_column_1_1 1_1 fusion-flex-column fusion-no-small-visibility fusion-no-medium-visibility\" style=\"--awb-bg-size:cover;--awb-width-large:100%;--awb-margin-top-large:50px;--awb-spacing-right-large:1.92%;--awb-margin-bottom-large:0px;--awb-spacing-left-large:1.92%;--awb-width-medium:100%;--awb-order-medium:0;--awb-spacing-right-medium:1.92%;--awb-spacing-left-medium:1.92%;--awb-width-small:100%;--awb-order-small:0;--awb-spacing-right-small:1.92%;--awb-spacing-left-small:1.92%;\"><div class=\"fusion-column-wrapper fusion-column-has-shadow fusion-flex-justify-content-flex-start fusion-content-layout-column\"><div class=\"fusion-text fusion-text-1 fusion-animated\" data-animationType=\"fadeInRight\" data-animationDuration=\"0.7\" data-animationOffset=\"top-into-view\"><p>Um Ihnen einen optimalen und umfangreichen Service bieten zu k\u00f6nnen, haben wir ein gut funktionierendes Netzwerk aus allen wichtigen Gewerken aufgebaut. Hierzu geh\u00f6ren unter anderem Herstellerbetriebe, Lieferanten, Planungsb\u00fcros, Baufirmen sowie Einzelgewerke.<\/p>\n<p>Unsere Partnerfirmen unterst\u00fctzen uns tatkr\u00e4ftig in vielfacher Hinsicht. Ob frist- und fachgerechte Leistungsausf\u00fchrung\/Zuarbeit, gute Produkte von namhaften Herstellern oder die dringende Ersatzteillieferung \u00fcber Nacht, stets hei\u00dft das gemeinsame Ziel: Die Zufriedenheit des Kunden!<\/p>\n<\/div><\/div><\/div><div class=\"fusion-layout-column fusion_builder_column fusion-builder-column-2 fusion_builder_column_1_1 1_1 fusion-flex-column\" style=\"--awb-padding-top:0px;--awb-padding-bottom:0px;--awb-bg-size:cover;--awb-width-large:100%;--awb-margin-top-large:50px;--awb-spacing-right-large:1.92%;--awb-margin-bottom-large:0px;--awb-spacing-left-large:1.92%;--awb-width-medium:100%;--awb-order-medium:0;--awb-spacing-right-medium:1.92%;--awb-spacing-left-medium:1.92%;--awb-width-small:100%;--awb-order-small:0;--awb-spacing-right-small:1.92%;--awb-spacing-left-small:1.92%;\"><div class=\"fusion-column-wrapper fusion-column-has-shadow fusion-flex-justify-content-flex-start fusion-content-layout-column\"><div class=\"fusion-text fusion-text-2 fusion-animated fusion-no-large-visibility\" data-animationType=\"fadeInRight\" data-animationDuration=\"0.7\" data-animationOffset=\"top-into-view\"><p>Um Ihnen einen optimalen und umfangreichen Service bieten zu k\u00f6nnen, haben wir ein gut funktionierendes Netzwerk aus allen wichtigen Gewerken aufgebaut. Hierzu geh\u00f6ren unter anderem Herstellerbetriebe, Lieferanten, Planungsb\u00fcros, Baufirmen sowie Einzelgewerke.<\/p>\n<p>Unsere Partnerfirmen unterst\u00fctzen uns tatkr\u00e4ftig in vielfacher Hinsicht. Ob frist- und fachgerechte Leistungsausf\u00fchrung\/Zuarbeit, gute Produkte von namhaften Herstellern oder die dringende Ersatzteillieferung \u00fcber Nacht, stets hei\u00dft das gemeinsame Ziel: Die Zufriedenheit des Kunden!<\/p>\n<\/div><\/div><\/div><\/div><\/div><div class=\"fusion-fullwidth fullwidth-box fusion-builder-row-3 fusion-flex-container fusion-parallax-none hundred-percent-fullwidth non-hundred-percent-height-scrolling\" style=\"--link_hover_color: #0573ba;--awb-background-position:center bottom;--awb-border-radius-top-left:0px;--awb-border-radius-top-right:0px;--awb-border-radius-bottom-right:0px;--awb-border-radius-bottom-left:0px;--awb-padding-top:50px;--awb-padding-bottom:50px;--awb-background-color:var(--awb-custom13);--awb-background-image:url(&quot;\/wp-content\/uploads\/2020\/10\/weiss-oben-unten-farbe.png&quot;);--awb-background-size:cover;--awb-flex-wrap:wrap;\" ><div class=\"fusion-builder-row fusion-row fusion-flex-align-items-flex-start fusion-flex-content-wrap\" style=\"width:104% !important;max-width:104% !important;margin-left: calc(-4% \/ 2 );margin-right: calc(-4% \/ 2 );\"><div class=\"fusion-layout-column fusion_builder_column fusion-builder-column-3 fusion-flex-column\" style=\"--awb-bg-position:center bottom;--awb-bg-size:cover;--awb-width-large:auto;--awb-margin-top-large:15px;--awb-spacing-right-large:2%;--awb-margin-bottom-large:15px;--awb-spacing-left-large:2%;--awb-width-medium:100%;--awb-order-medium:0;--awb-spacing-right-medium:1.92%;--awb-spacing-left-medium:1.92%;--awb-width-small:100%;--awb-order-small:0;--awb-spacing-right-small:1.92%;--awb-spacing-left-small:1.92%;\"><div class=\"fusion-column-wrapper fusion-column-has-shadow fusion-flex-justify-content-flex-start fusion-content-layout-column\"><\/div><\/div><\/div><\/div><div class=\"fusion-fullwidth fullwidth-box fusion-builder-row-4 fusion-flex-container nonhundred-percent-fullwidth non-hundred-percent-height-scrolling\" style=\"--awb-border-radius-top-left:0px;--awb-border-radius-top-right:0px;--awb-border-radius-bottom-right:0px;--awb-border-radius-bottom-left:0px;--awb-background-color:var(--awb-custom13);--awb-flex-wrap:wrap;\" ><div class=\"fusion-builder-row fusion-row fusion-flex-align-items-flex-start fusion-flex-content-wrap\" style=\"max-width:1216.8px;margin-left: calc(-4% \/ 2 );margin-right: calc(-4% \/ 2 );\"><div class=\"fusion-layout-column fusion_builder_column fusion-builder-column-4 fusion_builder_column_1_3 1_3 fusion-flex-column\" style=\"--awb-bg-size:cover;--awb-width-large:33.333333333333%;--awb-margin-top-large:15px;--awb-spacing-right-large:5.76%;--awb-margin-bottom-large:15px;--awb-spacing-left-large:5.76%;--awb-width-medium:100%;--awb-order-medium:0;--awb-spacing-right-medium:1.92%;--awb-spacing-left-medium:1.92%;--awb-width-small:100%;--awb-order-small:0;--awb-spacing-right-small:1.92%;--awb-spacing-left-small:1.92%;\"><div class=\"fusion-column-wrapper fusion-column-has-shadow fusion-flex-justify-content-flex-start fusion-content-layout-column\"><a class=\"fb-icon-element-1 fb-icon-element fontawesome-icon fa-user fas circle-yes fusion-link icon-hover-animation-pulsate\" style=\"--awb-circlecolor:#0573ba;--awb-circlecolor-hover:#ff7d01;--awb-circlebordercolor:#0573ba;--awb-circlebordercolor-hover:#0573ba;--awb-circlebordersize:0px;--awb-font-size:28.16px;--awb-width:56.32px;--awb-height:56.32px;--awb-line-height:56.32px;--awb-align-self:center;--awb-margin-top:0px;--awb-margin-right:0px;--awb-margin-bottom:20px;--awb-margin-left:0px;\" href=\"https:\/\/www.elements-show.de\/\" target=\"_blank\" aria-label=\"Link to https:\/\/www.elements-show.de\/\" rel=\"noopener noreferrer\"><\/a><div class=\"fusion-text fusion-text-3\"><p style=\"text-align: center;\"><strong>Elements Hof<\/strong><br \/>\nLeopoldstr. 50<br \/>\n95030 Hof<\/p>\n<p style=\"text-align: center;\">09281 \/ 700 467 08<br \/>\n<a href=\"mailto:hof@elements-show.de\" target=\"_blank\" rel=\"noopener noreferrer\">hof@elements-show.de<\/a><br \/>\n<a href=\"https:\/\/www.elements-show.de\/\" target=\"_blank\" rel=\"noopener noreferrer\">www.elements-show.de<\/a><\/p>\n<\/div><\/div><\/div><div class=\"fusion-layout-column fusion_builder_column fusion-builder-column-5 fusion_builder_column_1_3 1_3 fusion-flex-column\" style=\"--awb-bg-size:cover;--awb-width-large:33.333333333333%;--awb-margin-top-large:15px;--awb-spacing-right-large:5.76%;--awb-margin-bottom-large:15px;--awb-spacing-left-large:5.76%;--awb-width-medium:100%;--awb-order-medium:0;--awb-spacing-right-medium:1.92%;--awb-spacing-left-medium:1.92%;--awb-width-small:100%;--awb-order-small:0;--awb-spacing-right-small:1.92%;--awb-spacing-left-small:1.92%;\"><div class=\"fusion-column-wrapper fusion-column-has-shadow fusion-flex-justify-content-flex-start fusion-content-layout-column\"><i class=\"fb-icon-element-2 fb-icon-element fontawesome-icon fa-user fas circle-yes icon-hover-animation-pulsate\" style=\"--awb-circlecolor:#0573ba;--awb-circlecolor-hover:#ff7d01;--awb-circlebordercolor:#0573ba;--awb-circlebordercolor-hover:#0573ba;--awb-circlebordersize:0px;--awb-font-size:28.16px;--awb-width:56.32px;--awb-height:56.32px;--awb-line-height:56.32px;--awb-align-self:center;--awb-margin-top:0px;--awb-margin-right:0px;--awb-margin-bottom:20px;--awb-margin-left:0px;\"><\/i><div class=\"fusion-text fusion-text-4\"><p style=\"text-align: center;\"><strong>Ronny Leupold<\/strong><br \/>\nDorfstra\u00dfe 15a<br \/>\n08527 Plauen \/ OT Messbach<\/p>\n<p style=\"text-align: center;\">0160 \/ 803 959 0<br \/>\n<a href=\"mailto:rl-bauart@arcor.de\">rl-bauart@arcor.de<\/a><\/p>\n<\/div><\/div><\/div><div class=\"fusion-layout-column fusion_builder_column fusion-builder-column-6 fusion_builder_column_1_3 1_3 fusion-flex-column\" style=\"--awb-bg-size:cover;--awb-width-large:33.333333333333%;--awb-margin-top-large:15px;--awb-spacing-right-large:5.76%;--awb-margin-bottom-large:15px;--awb-spacing-left-large:5.76%;--awb-width-medium:100%;--awb-order-medium:0;--awb-spacing-right-medium:1.92%;--awb-spacing-left-medium:1.92%;--awb-width-small:100%;--awb-order-small:0;--awb-spacing-right-small:1.92%;--awb-spacing-left-small:1.92%;\"><div class=\"fusion-column-wrapper fusion-column-has-shadow fusion-flex-justify-content-flex-start fusion-content-layout-column\"><i class=\"fb-icon-element-3 fb-icon-element fontawesome-icon fa-user fas circle-yes icon-hover-animation-pulsate\" style=\"--awb-circlecolor:#0573ba;--awb-circlecolor-hover:#ff7d01;--awb-circlebordercolor:#0573ba;--awb-circlebordercolor-hover:#0573ba;--awb-circlebordersize:0px;--awb-font-size:28.16px;--awb-width:56.32px;--awb-height:56.32px;--awb-line-height:56.32px;--awb-align-self:center;--awb-margin-top:0px;--awb-margin-right:0px;--awb-margin-bottom:20px;--awb-margin-left:0px;\"><\/i><div class=\"fusion-text fusion-text-5\"><p style=\"text-align: center;\"><strong>Gerbeth GmbH<br \/>\n<\/strong>Tiefbau und Abriss<br \/>\nAm Winkel 4<br \/>\n08626 Eichigt \/ OT Ebersbach<\/p>\n<p style=\"text-align: center;\">037421 \/ 21481<br \/>\n0176 31 24 95 56<br \/>\n<a href=\"mailto:info@gerbeth-gmbh.de\">info@gerbeth-gmbh.de<\/a><\/p>\n<\/div><\/div><\/div><div class=\"fusion-layout-column fusion_builder_column fusion-builder-column-7 fusion_builder_column_1_3 1_3 fusion-flex-column\" style=\"--awb-bg-size:cover;--awb-width-large:33.333333333333%;--awb-margin-top-large:15px;--awb-spacing-right-large:5.76%;--awb-margin-bottom-large:15px;--awb-spacing-left-large:5.76%;--awb-width-medium:100%;--awb-order-medium:0;--awb-spacing-right-medium:1.92%;--awb-spacing-left-medium:1.92%;--awb-width-small:100%;--awb-order-small:0;--awb-spacing-right-small:1.92%;--awb-spacing-left-small:1.92%;\"><div class=\"fusion-column-wrapper fusion-column-has-shadow fusion-flex-justify-content-flex-start fusion-content-layout-column\"><a class=\"fb-icon-element-4 fb-icon-element fontawesome-icon fa-user fas circle-yes fusion-link icon-hover-animation-pulsate\" style=\"--awb-circlecolor:#0573ba;--awb-circlecolor-hover:#ff7d01;--awb-circlebordercolor:#0573ba;--awb-circlebordercolor-hover:#0573ba;--awb-circlebordersize:0px;--awb-font-size:28.16px;--awb-width:56.32px;--awb-height:56.32px;--awb-line-height:56.32px;--awb-align-self:center;--awb-margin-top:0px;--awb-margin-right:0px;--awb-margin-bottom:20px;--awb-margin-left:0px;\" href=\"https:\/\/www.bosch.com\/\" target=\"_blank\" aria-label=\"Link to https:\/\/www.bosch.com\/\" rel=\"noopener noreferrer\"><\/a><div class=\"fusion-text fusion-text-6\"><p style=\"text-align: center;\"><strong>Bosch Thermotechnik GmbH<\/strong><br \/>\nSophienstrasse 30-32<br \/>\n35576 Wetzlar<\/p>\n<p style=\"text-align: center;\">07153 \/ 3060<br \/>\n<a href=\"https:\/\/www.bosch-thermotechnology.com\/de\/de\/wohngebaeude\/wissen\/unternehmen\/einfach-vernetzt-mit-bosch\/\" target=\"_blank\" rel=\"noopener noreferrer\">www.junkers.com<\/a><\/p>\n<\/div><\/div><\/div><div class=\"fusion-layout-column fusion_builder_column fusion-builder-column-8 fusion_builder_column_1_3 1_3 fusion-flex-column\" style=\"--awb-bg-size:cover;--awb-width-large:33.333333333333%;--awb-margin-top-large:15px;--awb-spacing-right-large:5.76%;--awb-margin-bottom-large:15px;--awb-spacing-left-large:5.76%;--awb-width-medium:100%;--awb-order-medium:0;--awb-spacing-right-medium:1.92%;--awb-spacing-left-medium:1.92%;--awb-width-small:100%;--awb-order-small:0;--awb-spacing-right-small:1.92%;--awb-spacing-left-small:1.92%;\"><div class=\"fusion-column-wrapper fusion-column-has-shadow fusion-flex-justify-content-flex-start fusion-content-layout-column\"><i class=\"fb-icon-element-5 fb-icon-element fontawesome-icon fa-user fas circle-yes icon-hover-animation-pulsate\" style=\"--awb-circlecolor:#0573ba;--awb-circlecolor-hover:#ff7d01;--awb-circlebordercolor:#0573ba;--awb-circlebordercolor-hover:#0573ba;--awb-circlebordersize:0px;--awb-font-size:28.16px;--awb-width:56.32px;--awb-height:56.32px;--awb-line-height:56.32px;--awb-align-self:center;--awb-margin-top:0px;--awb-margin-right:0px;--awb-margin-bottom:20px;--awb-margin-left:0px;\"><\/i><div class=\"fusion-text fusion-text-7\"><p style=\"text-align: center;\"><strong>Maler- und Ausbauarbeiten<br \/>\nNico Schott<\/strong><br \/>\nSenefelderstra\u00dfe 8<br \/>\n08523 Plauen<\/p>\n<p style=\"text-align: center;\"><a href=\"mailto:nicoschott780@gmail.com\">nicoschott780@gmail.com<\/a><\/p>\n<\/div><\/div><\/div><div class=\"fusion-layout-column fusion_builder_column fusion-builder-column-9 fusion_builder_column_1_3 1_3 fusion-flex-column\" style=\"--awb-bg-size:cover;--awb-width-large:33.333333333333%;--awb-margin-top-large:15px;--awb-spacing-right-large:5.76%;--awb-margin-bottom-large:15px;--awb-spacing-left-large:5.76%;--awb-width-medium:100%;--awb-order-medium:0;--awb-spacing-right-medium:1.92%;--awb-spacing-left-medium:1.92%;--awb-width-small:100%;--awb-order-small:0;--awb-spacing-right-small:1.92%;--awb-spacing-left-small:1.92%;\"><div class=\"fusion-column-wrapper fusion-column-has-shadow fusion-flex-justify-content-flex-start fusion-content-layout-column\"><i class=\"fb-icon-element-6 fb-icon-element fontawesome-icon fa-user fas circle-yes icon-hover-animation-pulsate\" style=\"--awb-circlecolor:#0573ba;--awb-circlecolor-hover:#ff7d01;--awb-circlebordercolor:#0573ba;--awb-circlebordercolor-hover:#0573ba;--awb-circlebordersize:0px;--awb-font-size:28.16px;--awb-width:56.32px;--awb-height:56.32px;--awb-line-height:56.32px;--awb-align-self:center;--awb-margin-top:0px;--awb-margin-right:0px;--awb-margin-bottom:20px;--awb-margin-left:0px;\"><\/i><div class=\"fusion-text fusion-text-8\"><p style=\"text-align: center;\"><strong>Alexander H\u00e4nel<\/strong><br \/>\nTaltitzer Stra\u00dfe 58<br \/>\n08538 Weischlitz<br \/>\n0172 819 020 1<\/p>\n<p style=\"text-align: center;\"><a href=\"mailto:post@alexander-haenel.de\">post@alexander-haenel.de<\/a><br \/>\n<a href=\"https:\/\/alexander-haenel.de\/\" target=\"_blank\" rel=\"noopener\">www.alexander-haenel.de<\/a><\/p>\n<\/div><\/div><\/div><div class=\"fusion-layout-column fusion_builder_column fusion-builder-column-10 fusion_builder_column_1_3 1_3 fusion-flex-column\" style=\"--awb-bg-size:cover;--awb-width-large:33.333333333333%;--awb-margin-top-large:15px;--awb-spacing-right-large:5.76%;--awb-margin-bottom-large:15px;--awb-spacing-left-large:5.76%;--awb-width-medium:100%;--awb-order-medium:0;--awb-spacing-right-medium:1.92%;--awb-spacing-left-medium:1.92%;--awb-width-small:100%;--awb-order-small:0;--awb-spacing-right-small:1.92%;--awb-spacing-left-small:1.92%;\"><div class=\"fusion-column-wrapper fusion-column-has-shadow fusion-flex-justify-content-flex-start fusion-content-layout-column\"><i class=\"fb-icon-element-7 fb-icon-element fontawesome-icon fa-user fas circle-yes icon-hover-animation-pulsate\" style=\"--awb-circlecolor:#0573ba;--awb-circlecolor-hover:#ff7d01;--awb-circlebordercolor:#0573ba;--awb-circlebordercolor-hover:#0573ba;--awb-circlebordersize:0px;--awb-font-size:28.16px;--awb-width:56.32px;--awb-height:56.32px;--awb-line-height:56.32px;--awb-align-self:center;--awb-margin-top:0px;--awb-margin-right:0px;--awb-margin-bottom:20px;--awb-margin-left:0px;\"><\/i><div class=\"fusion-text fusion-text-9\"><p style=\"text-align: center;\"><strong>Sven Glasner<\/strong><br \/>\nMoritzstra\u00dfe 44<br \/>\n08523 Plauen<br \/>\n0173 809 7545<\/p>\n<p style=\"text-align: center;\"><a href=\"mailto:sven.fliese@web.de\">sven.fliese@web.de<\/a><\/p>\n<\/div><\/div><\/div><div class=\"fusion-layout-column fusion_builder_column fusion-builder-column-11 fusion_builder_column_1_3 1_3 fusion-flex-column\" style=\"--awb-bg-size:cover;--awb-width-large:33.333333333333%;--awb-margin-top-large:15px;--awb-spacing-right-large:5.76%;--awb-margin-bottom-large:15px;--awb-spacing-left-large:5.76%;--awb-width-medium:100%;--awb-order-medium:0;--awb-spacing-right-medium:1.92%;--awb-spacing-left-medium:1.92%;--awb-width-small:100%;--awb-order-small:0;--awb-spacing-right-small:1.92%;--awb-spacing-left-small:1.92%;\"><div class=\"fusion-column-wrapper fusion-column-has-shadow fusion-flex-justify-content-flex-start fusion-content-layout-column\"><i class=\"fb-icon-element-8 fb-icon-element fontawesome-icon fa-user fas circle-yes icon-hover-animation-pulsate\" style=\"--awb-circlecolor:#0573ba;--awb-circlecolor-hover:#ff7d01;--awb-circlebordercolor:#0573ba;--awb-circlebordercolor-hover:#0573ba;--awb-circlebordersize:0px;--awb-font-size:28.16px;--awb-width:56.32px;--awb-height:56.32px;--awb-line-height:56.32px;--awb-align-self:center;--awb-margin-top:0px;--awb-margin-right:0px;--awb-margin-bottom:20px;--awb-margin-left:0px;\"><\/i><div class=\"fusion-text fusion-text-10\"><p style=\"text-align: center;\"><strong>Novelan heizen. k\u00fchlen. l\u00fcften.<\/strong><br \/>\nIndustriestra\u00dfe 3<br \/>\n95359 Kasendorf<br \/>\nT +49 9228 99 607 &#8211; 0<br \/>\nF +49 9228 99 607 &#8211; 1099<\/p>\n<p style=\"text-align: center;\"><a href=\"mailto:info@novelan.com\">info@novelan.com<\/a><br \/>\n<a href=\"https:\/\/novelan.com\" target=\"_blank\" rel=\"noopener\">www.novelan.com<\/a><\/p>\n<\/div><\/div><\/div><\/div><\/div>\n","protected":false},"excerpt":{"rendered":"","protected":false},"author":3,"featured_media":0,"parent":0,"menu_order":8,"comment_status":"closed","ping_status":"closed","template":"100-width.php","meta":{"footnotes":""},"class_list":["post-2205","page","type-page","status-publish","hentry"],"_links":{"self":[{"href":"https:\/\/www.simanski.de\/index.php\/wp-json\/wp\/v2\/pages\/2205","targetHints":{"allow":["GET"]}}],"collection":[{"href":"https:\/\/www.simanski.de\/index.php\/wp-json\/wp\/v2\/pages"}],"about":[{"href":"https:\/\/www.simanski.de\/index.php\/wp-json\/wp\/v2\/types\/page"}],"author":[{"embeddable":true,"href":"https:\/\/www.simanski.de\/index.php\/wp-json\/wp\/v2\/users\/3"}],"replies":[{"embeddable":true,"href":"https:\/\/www.simanski.de\/index.php\/wp-json\/wp\/v2\/comments?post=2205"}],"version-history":[{"count":96,"href":"https:\/\/www.simanski.de\/index.php\/wp-json\/wp\/v2\/pages\/2205\/revisions"}],"predecessor-version":[{"id":3911,"href":"https:\/\/www.simanski.de\/index.php\/wp-json\/wp\/v2\/pages\/2205\/revisions\/3911"}],"wp:attachment":[{"href":"https:\/\/www.simanski.de\/index.php\/wp-json\/wp\/v2\/media?parent=2205"}],"curies":[{"name":"wp","href":"https:\/\/api.w.org\/{rel}","templated":true}]}}